{"id":123,"date":"2020-07-22T21:50:09","date_gmt":"2020-07-22T19:50:09","guid":{"rendered":"https:\/\/mytataingleselaboratorio.com\/?page_id=123"},"modified":"2025-06-24T22:27:07","modified_gmt":"2025-06-24T20:27:07","slug":"lassociazione-mytata-firenze","status":"publish","type":"page","link":"https:\/\/mytataingleselaboratorio.com\/en\/lassociazione-mytata-firenze\/","title":{"rendered":"MyTata Inglese Association"},"content":{"rendered":"\t\t<div data-elementor-type=\"wp-page\" data-elementor-id=\"123\" class=\"elementor elementor-123\">\n\t\t\t\t\t\t<section class=\"elementor-section elementor-top-section elementor-element elementor-element-d4d44e9 elementor-section-stretched elementor-section-boxed elementor-section-height-default elementor-section-height-default\" data-id=\"d4d44e9\" data-element_type=\"section\" data-settings=\"{&quot;stretch_section&quot;:&quot;section-stretched&quot;}\">\n\t\t\t\t\t\t<div class=\"elementor-container elementor-column-gap-default\">\n\t\t\t\t\t<div class=\"elementor-column elementor-col-100 elementor-top-column elementor-element elementor-element-01eb430\" data-id=\"01eb430\" data-element_type=\"column\">\n\t\t\t<div class=\"elementor-widget-wrap elementor-element-populated\">\n\t\t\t\t\t\t<div class=\"elementor-element elementor-element-13e3450 elementor-invisible elementor-widget elementor-widget-premium-addon-fancy-text\" data-id=\"13e3450\" data-element_type=\"widget\" data-settings=\"{&quot;_animation&quot;:&quot;slideInUp&quot;}\" data-widget_type=\"premium-addon-fancy-text.default\">\n\t\t\t\t<div class=\"elementor-widget-container\">\n\t\t\t\t\t\t\t<div class=\"premium-fancy-text-wrapper typing  \" data-settings=\"{&quot;effect&quot;:&quot;typing&quot;,&quot;strings&quot;:[&quot;Association&quot;,&quot;Values&quot;,&quot;Community&quot;,&quot;Tata Inglese&quot;],&quot;typeSpeed&quot;:100,&quot;backSpeed&quot;:90,&quot;startDelay&quot;:50,&quot;backDelay&quot;:20,&quot;showCursor&quot;:true,&quot;cursorChar&quot;:&quot;|&quot;,&quot;loop&quot;:false,&quot;loading&quot;:&quot;&quot;}\">\r\n\t\t\t\t\t\t\t<span class=\"premium-prefix-text\">\r\n\t\t\t\t\t<span >My<\/span>\r\n\t\t\t\t<\/span>\r\n\t\t\t\r\n\t\t\t\t\t<span id=\"premium-fancy-text-13e3450\" class=\"premium-fancy-text\"><\/span>\r\n\t\t\t\t\t<\/div>\r\n\t\t\t\t\t\t<\/div>\n\t\t\t\t<\/div>\n\t\t\t\t<div class=\"elementor-element elementor-element-1faa47d elementor-arrows-position-inside elementor-pagination-position-outside elementor-invisible elementor-widget elementor-widget-image-carousel\" data-id=\"1faa47d\" data-element_type=\"widget\" data-settings=\"{&quot;slides_to_show&quot;:&quot;2&quot;,&quot;speed&quot;:450,&quot;_animation&quot;:&quot;slideInUp&quot;,&quot;navigation&quot;:&quot;both&quot;,&quot;autoplay&quot;:&quot;yes&quot;,&quot;pause_on_hover&quot;:&quot;yes&quot;,&quot;pause_on_interaction&quot;:&quot;yes&quot;,&quot;autoplay_speed&quot;:5000,&quot;infinite&quot;:&quot;yes&quot;}\" data-widget_type=\"image-carousel.default\">\n\t\t\t\t<div class=\"elementor-widget-container\">\n\t\t\t\t\t\t\t<div class=\"elementor-image-carousel-wrapper swiper\" role=\"region\" aria-roledescription=\"carousel\" aria-label=\"Image Carousel\" dir=\"ltr\">\n\t\t\t<div class=\"elementor-image-carousel swiper-wrapper\" aria-live=\"off\">\n\t\t\t\t\t\t\t\t<div class=\"swiper-slide\" role=\"group\" aria-roledescription=\"slide\" aria-label=\"1 of 10\"><figure class=\"swiper-slide-inner\"><img decoding=\"async\" class=\"swiper-slide-image\" src=\"https:\/\/mytataingleselaboratorio.com\/wp-content\/uploads\/elementor\/thumbs\/DSC_4739-1-scaled-prybilqlhyipj0zv21bacciztonb345rqmziy0o8jk.jpg\" alt=\"DSC_4739\" \/><\/figure><\/div><div class=\"swiper-slide\" role=\"group\" aria-roledescription=\"slide\" aria-label=\"2 of 10\"><figure class=\"swiper-slide-inner\"><img decoding=\"async\" class=\"swiper-slide-image\" src=\"https:\/\/mytataingleselaboratorio.com\/wp-content\/uploads\/elementor\/thumbs\/DSC_4790-scaled-e1658159262373-prybq4g468taeq2n5abuag7qwnl0ny0gruvd5piurk.jpg\" alt=\"DSC_4790\" \/><\/figure><\/div><div class=\"swiper-slide\" role=\"group\" aria-roledescription=\"slide\" aria-label=\"3 of 10\"><figure class=\"swiper-slide-inner\"><img decoding=\"async\" class=\"swiper-slide-image\" src=\"https:\/\/mytataingleselaboratorio.com\/wp-content\/uploads\/elementor\/thumbs\/DSC_4779-scaled-e1658159373243-psarg4w9yz5o6zre9vwvmmjg69y9qkel4m1kw56p1c.jpg\" alt=\"DSC_4779\" \/><\/figure><\/div><div class=\"swiper-slide\" role=\"group\" aria-roledescription=\"slide\" aria-label=\"4 of 10\"><figure class=\"swiper-slide-inner\"><img decoding=\"async\" class=\"swiper-slide-image\" src=\"https:\/\/mytataingleselaboratorio.com\/wp-content\/uploads\/elementor\/thumbs\/DSC_4828-scaled-prfjhs15vd8nz9lc0t5n65sq4frebpng2jcvkb4k00.jpg\" alt=\"DSC_4828\" \/><\/figure><\/div><div class=\"swiper-slide\" role=\"group\" aria-roledescription=\"slide\" aria-label=\"5 of 10\"><figure class=\"swiper-slide-inner\"><img decoding=\"async\" class=\"swiper-slide-image\" src=\"https:\/\/mytataingleselaboratorio.com\/wp-content\/uploads\/elementor\/thumbs\/DSC_4145-scaled-prfj9ltog81x1bgoqrzezq1g6u1ieg7gm35wcp8s3k.jpg\" alt=\"DSC_4145\" \/><\/figure><\/div><div class=\"swiper-slide\" role=\"group\" aria-roledescription=\"slide\" aria-label=\"6 of 10\"><figure class=\"swiper-slide-inner\"><img decoding=\"async\" class=\"swiper-slide-image\" src=\"https:\/\/mytataingleselaboratorio.com\/wp-content\/uploads\/elementor\/thumbs\/DSC_4978-scaled-prfjosvqxsusqde20cgaavzpx354uaj8pauhnqpni8.jpg\" alt=\"DSC_4978\" \/><\/figure><\/div><div class=\"swiper-slide\" role=\"group\" aria-roledescription=\"slide\" aria-label=\"7 of 10\"><figure class=\"swiper-slide-inner\"><img decoding=\"async\" class=\"swiper-slide-image\" src=\"https:\/\/mytataingleselaboratorio.com\/wp-content\/uploads\/elementor\/thumbs\/DSC_5065-scaled-ps7z69lv4dioevapdi0vtkaz2ajcldh3hf2yodkp4w.jpg\" alt=\"DSC_5065\" \/><\/figure><\/div><div class=\"swiper-slide\" role=\"group\" aria-roledescription=\"slide\" aria-label=\"8 of 10\"><figure class=\"swiper-slide-inner\"><img decoding=\"async\" class=\"swiper-slide-image\" src=\"https:\/\/mytataingleselaboratorio.com\/wp-content\/uploads\/elementor\/thumbs\/DSC_4106-scaled-prn2zf1mmim6e2u3u0oxybf4u4qjgfbktk6i9xnjuo.jpg\" alt=\"DSC_4106\" \/><\/figure><\/div><div class=\"swiper-slide\" role=\"group\" aria-roledescription=\"slide\" aria-label=\"9 of 10\"><figure class=\"swiper-slide-inner\"><img decoding=\"async\" class=\"swiper-slide-image\" src=\"https:\/\/mytataingleselaboratorio.com\/wp-content\/uploads\/elementor\/thumbs\/DSC_5180-scaled-prfjwpougloog7wct9k8se4dwu5cmkxwsgim2kzd4w.jpg\" alt=\"DSC_5180\" \/><\/figure><\/div><div class=\"swiper-slide\" role=\"group\" aria-roledescription=\"slide\" aria-label=\"10 of 10\"><figure class=\"swiper-slide-inner\"><img decoding=\"async\" class=\"swiper-slide-image\" src=\"https:\/\/mytataingleselaboratorio.com\/wp-content\/uploads\/elementor\/thumbs\/DSC_4921-scaled-e1658159491860-prybw3p5nazy9fdz8ddenfwaxw42mmqzxg9k22np6o.jpg\" alt=\"DSC_4921\" \/><\/figure><\/div>\t\t\t<\/div>\n\t\t\t\t\t\t\t\t\t\t\t\t<div class=\"elementor-swiper-button elementor-swiper-button-prev\" role=\"button\" tabindex=\"0\">\n\t\t\t\t\t\t<i aria-hidden=\"true\" class=\"eicon-chevron-left\"><\/i>\t\t\t\t\t<\/div>\n\t\t\t\t\t<div class=\"elementor-swiper-button elementor-swiper-button-next\" role=\"button\" tabindex=\"0\">\n\t\t\t\t\t\t<i aria-hidden=\"true\" class=\"eicon-chevron-right\"><\/i>\t\t\t\t\t<\/div>\n\t\t\t\t\n\t\t\t\t\t\t\t\t\t<div class=\"swiper-pagination\"><\/div>\n\t\t\t\t\t\t\t\t\t<\/div>\n\t\t\t\t\t\t<\/div>\n\t\t\t\t<\/div>\n\t\t\t\t<div class=\"elementor-element elementor-element-3d01d8c elementor-widget elementor-widget-spacer\" data-id=\"3d01d8c\" data-element_type=\"widget\" data-widget_type=\"spacer.default\">\n\t\t\t\t<div class=\"elementor-widget-container\">\n\t\t\t\t\t\t\t<div class=\"elementor-spacer\">\n\t\t\t<div class=\"elementor-spacer-inner\"><\/div>\n\t\t<\/div>\n\t\t\t\t\t\t<\/div>\n\t\t\t\t<\/div>\n\t\t\t\t<div class=\"elementor-element elementor-element-deca08d elementor-widget elementor-widget-premium-addon-image-button\" data-id=\"deca08d\" data-element_type=\"widget\" data-widget_type=\"premium-addon-image-button.default\">\n\t\t\t\t<div class=\"elementor-widget-container\">\n\t\t\t\t\t\r\n\t\t<a class=\"premium-image-button premium-image-button-none premium-btn-block premium-image-button-none\" href=\"http:\/\/mytataingleselaboratorio.com\/lassociazione-mytata-firenze\/unisciti-allassociazione\/\">\r\n\t\t\t<div class=\"premium-image-button-text-icon-wrapper\">\r\n\t\t\t\r\n\t\t\t<span >\r\n\t\t\t\tIscriviti subito all'associazione!\t\t\t<\/span>\r\n\t\t\t\t\t<\/div>\r\n\t\t\t\t\t\t<\/a>\r\n\r\n\t\t\t\t\t\t<\/div>\n\t\t\t\t<\/div>\n\t\t\t\t<div class=\"elementor-element elementor-element-797acda elementor-widget elementor-widget-text-editor\" data-id=\"797acda\" data-element_type=\"widget\" data-widget_type=\"text-editor.default\">\n\t\t\t\t<div class=\"elementor-widget-container\">\n\t\t\t\t\t\t\t\t\t<p><span style=\"font-weight: 400;\">MyTata Inglese \u00e8 un\u2019associazione di insegnanti di madrelingua inglese, francese e tedesco che hanno come obiettivo principale di condividere con grandi e piccoli la loro cultura, insegnando la loro lingua tramite esperienze e laboratori divertenti al posto delle classiche lezioni di lingua. Sia i laboratori privati in casa che quelli collettivi sono stati pensati e strutturati per offrire un\u2019esperienza completa e un percorso linguistico che vada oltre l\u2019applicazione della grammatica e l\u2019apprendimento del vocabolario. Divertendosi, leggendo, giocando, celebrando feste e compleanni, cucinando e pensando in altre lingue, bambini, adolescenti e adulti si sentono presto pi\u00f9 sicuri e a loro agio quando comunicano in questa lingua che spesso hanno gi\u00e0 studiato\u2026 Le loro conoscenze aspettano solo di essere liberate.<\/span><\/p><p><span style=\"font-weight: 400;\">I membri della nostra associazione condividono alcuni valori che sono alla base della nostra filosofia, delle tematiche e dei progetti di MyTata Inglese e che si riflettano sia nei laboratori ed esperienze che nelle iniziative dell\u2019associazione. Consideriamo da sempre una nostra priorit\u00e0 facilitare l\u2019integrazione fra culture diverse e la conoscenza reciproca di tradizioni, lingua e storia. Per questo nel 2020 abbiamo lanciato il progetto MyTata MyOrigins, insieme all\u2019Associazione Anelli Mancanti: il progetto mirava ad aiutare sia bambini che non sono di madrelingua italiana e necessitano di aiuto per imparare o perfezionare la lingua che le nostre insegnanti madrelingua inglese che cercavano un\u2019opportunit\u00e0 di imparare meglio l\u2019Italiano.<\/span><\/p><p><img decoding=\"async\" class=\"aligncenter\" src=\"http:\/\/mytataingleselaboratorio.com\/wp-content\/uploads\/2020\/09\/forze-flessibilita.png\" alt=\"\" width=\"134\" height=\"134\" \/><\/p><p><span style=\"font-weight: 400;\">Anche la preservazione del nostro pianeta fa parte delle priorit\u00e0 in termini di valori da rispettare e da trasmettere ai nostri membri ed ai bambini con chi lavoriamo. Il riciclo, l\u2019economia delle risorse e il rispetto di tutti gli esseri, natura e materiali si rifletta in ogni tematica, in ogni gioco ed ogni laboratorio che proponiamo. Organizziamo e partecipiamo volentieri ad eventi esterni che promuovono l\u2019utilizzo di energie rinnovabili e il rispetto dell\u2019ambiente.<\/span><\/p><p><img decoding=\"async\" class=\"aligncenter\" src=\"http:\/\/mytataingleselaboratorio.com\/wp-content\/uploads\/2020\/08\/forze-rispetto.png\" alt=\"\" width=\"128\" height=\"128\" \/><\/p><p><span style=\"font-weight: 400;\">Per quello che riguarda l\u2019educazione, consideriamo che sia nostra responsabilit\u00e0 contribuire alla costruzione della cultura generale di ogni individuo. E per questo motivo non ci limitiamo ad insegnare le lingue facendo divertire piccoli e grandi\u2026 cerchiamo anche di toccare argomenti sfidanti e riflessioni contemporanee per i pi\u00f9 grandi, mentre introduciamo i pi\u00f9 piccoli ad aspetti imprescindibili della nostra civilizzazione, in termini di arte, di storia e di letteratura.<\/span><\/p><p><img decoding=\"async\" class=\"aligncenter\" src=\"http:\/\/mytataingleselaboratorio.com\/wp-content\/uploads\/2020\/08\/forze-esperienze.png\" alt=\"\" width=\"129\" height=\"129\" \/><\/p><p><span style=\"font-weight: 400;\">La personalizzazione dei laboratori da una parte e l\u2019importanza che diamo alla personalit\u00e0 di ogni membro dell\u2019associazione dall\u2019altra, ci permettono di offrire con flessibilit\u00e0 quello che ogni individuo necessita. <\/span><\/p><p><span style=\"font-weight: 400;\">Siamo orgogliosi dei nostri laboratori collettivi che sono il cuore degli incontri della nostra organizzazione e che ci permettono di mantenere un legame con le famiglie costruendo la nostra comunit\u00e0 intorno a feste, giochi e celebrazioni di ogni tipo. Pero consideriamo che sia anche fondamentale il lavoro delle nostre insegnanti madrelingua nelle vostre case, dove spesso acquisiscono un ruolo importante nell\u2019educazione sia dei bambini che dei ragazzi. Riguardo agli adolescenti, sono la fascia di et\u00e0 che cementa la nostra comunit\u00e0\u2026 modelli per i pi\u00f9 piccoli, spesso amici\/amiche delle insegnanti, gli adolescenti sono i membri pi\u00f9 attivi della nostra comunit\u00e0. Per quelli pi\u00f9 assidui, vi invitiamo a contattarci per strutturare un percorso di full immersion dove i ragazzi impareranno la lingua in modo accelerato essendo coinvolti nella pianificazione, organizzazione e esecuzione dei laboratori ed eventi, affiancando le insegnanti con le quali parleranno esclusivamente in Inglese.<\/span><\/p><p><span style=\"font-weight: 400;\">La nostra comunit\u00e0 \u00e8 quindi costituita di bambini, ragazzi, genitori e insegnanti ed educatori che interagiscono in un contesto internazionale. Hanno come priorit\u00e0 in comune la qualit\u00e0 dell\u2019educazione, l\u2019importanza delle lingue e il rispetto delle diverse culture, di tutti gli individui e del loro abitato (il nostro pianeta). Due volte l\u2019anno l\u2019associazione organizza un evento gratuito dove tutti possono incontrarsi, discutere, divertirsi e giocare insieme in Inglese. Durante questo evento, famiglie e insegnanti si possono anche accordare direttamente per possibili collaborazioni, anche in modo indipendente dell\u2019associazione stessa.<\/span><\/p>\t\t\t\t\t\t\t\t<\/div>\n\t\t\t\t<\/div>\n\t\t\t\t<div class=\"elementor-element elementor-element-7493aec elementor-widget elementor-widget-image\" data-id=\"7493aec\" data-element_type=\"widget\" id=\"iscriviti\" data-widget_type=\"image.default\">\n\t\t\t\t<div class=\"elementor-widget-container\">\n\t\t\t\t\t\t\t\t\t\t\t\t\t\t\t\t<a href=\"https:\/\/mytataingleselaboratorio.com\/lassociazione-mytata-firenze\/unisciti-allassociazione\/\">\n\t\t\t\t\t\t\t<img loading=\"lazy\" decoding=\"async\" width=\"694\" height=\"249\" src=\"https:\/\/mytataingleselaboratorio.com\/wp-content\/uploads\/2020\/09\/click-associazione-1-e1599747874335.png\" class=\"attachment-1536x1536 size-1536x1536 wp-image-785\" alt=\"\" srcset=\"https:\/\/mytataingleselaboratorio.com\/wp-content\/uploads\/2020\/09\/click-associazione-1-e1599747874335.png 694w, https:\/\/mytataingleselaboratorio.com\/wp-content\/uploads\/2020\/09\/click-associazione-1-e1599747874335-300x108.png 300w\" sizes=\"(max-width: 694px) 100vw, 694px\" \/>\t\t\t\t\t\t\t\t<\/a>\n\t\t\t\t\t\t\t\t\t\t\t\t\t\t\t<\/div>\n\t\t\t\t<\/div>\n\t\t\t\t\t<\/div>\n\t\t<\/div>\n\t\t\t\t\t<\/div>\n\t\t<\/section>\n\t\t\t\t<\/div>\n\t\t","protected":false},"excerpt":{"rendered":"<p>My Iscriviti subito all&#8217;associazione! MyTata Inglese \u00e8 un\u2019associazione di insegnanti di madrelingua inglese, francese e tedesco che hanno come obiettivo principale di condividere con grandi e piccoli la loro cultura, insegnando la loro lingua tramite esperienze e laboratori divertenti al posto delle classiche lezioni di lingua. Sia i laboratori privati in casa che quelli collettivi sono stati pensati e strutturati per offrire un\u2019esperienza completa e un percorso linguistico che vada oltre l\u2019applicazione della grammatica e l\u2019apprendimento del vocabolario. Divertendosi, leggendo, giocando, celebrando feste e compleanni, cucinando e pensando in altre lingue, bambini, adolescenti e adulti si sentono presto pi\u00f9 sicuri&#8230; <\/p>","protected":false},"author":1,"featured_media":681,"parent":0,"menu_order":0,"comment_status":"closed","ping_status":"closed","template":"","meta":{"footnotes":""},"class_list":["post-123","page","type-page","status-publish","has-post-thumbnail","hentry"],"_links":{"self":[{"href":"https:\/\/mytataingleselaboratorio.com\/en\/wp-json\/wp\/v2\/pages\/123","targetHints":{"allow":["GET"]}}],"collection":[{"href":"https:\/\/mytataingleselaboratorio.com\/en\/wp-json\/wp\/v2\/pages"}],"about":[{"href":"https:\/\/mytataingleselaboratorio.com\/en\/wp-json\/wp\/v2\/types\/page"}],"author":[{"embeddable":true,"href":"https:\/\/mytataingleselaboratorio.com\/en\/wp-json\/wp\/v2\/users\/1"}],"replies":[{"embeddable":true,"href":"https:\/\/mytataingleselaboratorio.com\/en\/wp-json\/wp\/v2\/comments?post=123"}],"version-history":[{"count":52,"href":"https:\/\/mytataingleselaboratorio.com\/en\/wp-json\/wp\/v2\/pages\/123\/revisions"}],"predecessor-version":[{"id":6595,"href":"https:\/\/mytataingleselaboratorio.com\/en\/wp-json\/wp\/v2\/pages\/123\/revisions\/6595"}],"wp:featuredmedia":[{"embeddable":true,"href":"https:\/\/mytataingleselaboratorio.com\/en\/wp-json\/wp\/v2\/media\/681"}],"wp:attachment":[{"href":"https:\/\/mytataingleselaboratorio.com\/en\/wp-json\/wp\/v2\/media?parent=123"}],"curies":[{"name":"wp","href":"https:\/\/api.w.org\/{rel}","templated":true}]}}