{"id":437,"date":"2020-08-15T17:21:11","date_gmt":"2020-08-15T15:21:11","guid":{"rendered":"https:\/\/mytataingleselaboratorio.com\/?page_id=437"},"modified":"2025-08-03T11:11:02","modified_gmt":"2025-08-03T09:11:02","slug":"summer-camps-a-firenze-e-nel-mondo","status":"publish","type":"page","link":"https:\/\/mytataingleselaboratorio.com\/en\/summer-camps-a-firenze-e-nel-mondo\/","title":{"rendered":"TEEN ESPERIENZE E PERCORSI CAMBRIDGE"},"content":{"rendered":"\t\t<div data-elementor-type=\"wp-page\" data-elementor-id=\"437\" class=\"elementor elementor-437\">\n\t\t\t\t\t\t<section class=\"elementor-section elementor-top-section elementor-element elementor-element-fa0fa5c elementor-section-boxed elementor-section-height-default elementor-section-height-default\" data-id=\"fa0fa5c\" data-element_type=\"section\">\n\t\t\t\t\t\t<div class=\"elementor-container elementor-column-gap-default\">\n\t\t\t\t\t<div class=\"elementor-column elementor-col-33 elementor-top-column elementor-element elementor-element-6ca7aca\" data-id=\"6ca7aca\" data-element_type=\"column\">\n\t\t\t<div class=\"elementor-widget-wrap elementor-element-populated\">\n\t\t\t\t\t\t<div class=\"elementor-element elementor-element-745af3c elementor-widget elementor-widget-image\" data-id=\"745af3c\" data-element_type=\"widget\" data-widget_type=\"image.default\">\n\t\t\t\t<div class=\"elementor-widget-container\">\n\t\t\t\t\t\t\t\t\t\t\t\t\t\t\t<img fetchpriority=\"high\" decoding=\"async\" width=\"681\" height=\"471\" src=\"https:\/\/mytataingleselaboratorio.com\/wp-content\/uploads\/2020\/11\/teen.png\" class=\"attachment-large size-large wp-image-982\" alt=\"\" srcset=\"https:\/\/mytataingleselaboratorio.com\/wp-content\/uploads\/2020\/11\/teen.png 681w, https:\/\/mytataingleselaboratorio.com\/wp-content\/uploads\/2020\/11\/teen-300x207.png 300w\" sizes=\"(max-width: 681px) 100vw, 681px\" \/>\t\t\t\t\t\t\t\t\t\t\t\t\t\t\t<\/div>\n\t\t\t\t<\/div>\n\t\t\t\t\t<\/div>\n\t\t<\/div>\n\t\t\t\t<div class=\"elementor-column elementor-col-66 elementor-top-column elementor-element elementor-element-c7295bb\" data-id=\"c7295bb\" data-element_type=\"column\">\n\t\t\t<div class=\"elementor-widget-wrap elementor-element-populated\">\n\t\t\t\t\t\t<div class=\"elementor-element elementor-element-17815f4 elementor-widget elementor-widget-premium-addon-fancy-text\" data-id=\"17815f4\" data-element_type=\"widget\" data-widget_type=\"premium-addon-fancy-text.default\">\n\t\t\t\t<div class=\"elementor-widget-container\">\n\t\t\t\t\t\t\t<div class=\"premium-fancy-text-wrapper typing  \" data-settings=\"{&quot;effect&quot;:&quot;typing&quot;,&quot;strings&quot;:[&quot;Labs&quot;,&quot;Conversation&quot;],&quot;typeSpeed&quot;:100,&quot;backSpeed&quot;:90,&quot;startDelay&quot;:50,&quot;backDelay&quot;:20,&quot;showCursor&quot;:true,&quot;cursorChar&quot;:&quot;|&quot;,&quot;loop&quot;:false,&quot;loading&quot;:&quot;&quot;}\">\r\n\t\t\t\t\t\t\t<span class=\"premium-prefix-text\">\r\n\t\t\t\t\t<span >Teenager <\/span>\r\n\t\t\t\t<\/span>\r\n\t\t\t\r\n\t\t\t\t\t<span id=\"premium-fancy-text-17815f4\" class=\"premium-fancy-text\"><\/span>\r\n\t\t\t\t\t<\/div>\r\n\t\t\t\t\t\t<\/div>\n\t\t\t\t<\/div>\n\t\t\t\t<div class=\"elementor-element elementor-element-84fb88a elementor-widget elementor-widget-text-editor\" data-id=\"84fb88a\" data-element_type=\"widget\" data-widget_type=\"text-editor.default\">\n\t\t\t\t<div class=\"elementor-widget-container\">\n\t\t\t\t\t\t\t\t\t<p><span style=\"text-align: left;\">Nella nostra associazione gli adolescenti hanno un ruolo chiave visto che rappresentano un esempio per i pi\u00f9 piccoli e una risorsa preziosa per i nostri insegnanti. Le tematiche dei <b>laboratori esclusivamente riservati ai teen sia collettivi che privati<\/b> sono scelte insieme a loro e possono variare da argomenti fondamentali per la loro generazione, come la preservazione dell&#8217;ambiente e del pianeta, la comprensione in lingua originale e analisi critica di successi musicali e serie TV, passando da forme pi\u00f9 classiche di espressione dei sentimenti e propria originalit\u00e0 come l\u2019arte, la letteratura e, come per le altre fasce di et\u00e0, la mitologia. <br \/>Tutte le modalit\u00e0 di incontro per gli adolescenti prevedono <b>una parte dedicata alla grammatica<\/b> equivalente a un quarto del tempo per incontro. Gli incontri sono strutturati in <strong>14 sezioni settimanali<\/strong>, che seguendo nella loro integralit\u00e0 si potranno ottenere progressi visibili nel controllo della lingua; \u00e8 possibile partecipare ai laboratori anche in modo occasionale.<\/span><\/p>\t\t\t\t\t\t\t\t<\/div>\n\t\t\t\t<\/div>\n\t\t\t\t\t<\/div>\n\t\t<\/div>\n\t\t\t\t\t<\/div>\n\t\t<\/section>\n\t\t\t\t<section class=\"elementor-section elementor-top-section elementor-element elementor-element-3ce24a3 elementor-section-stretched elementor-section-boxed elementor-section-height-default elementor-section-height-default\" data-id=\"3ce24a3\" data-element_type=\"section\" data-settings=\"{&quot;stretch_section&quot;:&quot;section-stretched&quot;,&quot;background_background&quot;:&quot;classic&quot;}\">\n\t\t\t\t\t\t<div class=\"elementor-container elementor-column-gap-default\">\n\t\t\t\t\t<div class=\"elementor-column elementor-col-100 elementor-top-column elementor-element elementor-element-9b125c0\" data-id=\"9b125c0\" data-element_type=\"column\">\n\t\t\t<div class=\"elementor-widget-wrap elementor-element-populated\">\n\t\t\t\t\t\t<div class=\"elementor-element elementor-element-e7ce775 elementor-button-info elementor-align-justify showBlock elementor-invisible elementor-widget elementor-widget-button\" data-id=\"e7ce775\" data-element_type=\"widget\" data-settings=\"{&quot;_animation&quot;:&quot;slideInUp&quot;}\" data-widget_type=\"button.default\">\n\t\t\t\t<div class=\"elementor-widget-container\">\n\t\t\t\t\t\t\t\t\t<div class=\"elementor-button-wrapper\">\n\t\t\t\t\t<a class=\"elementor-button elementor-button-link elementor-size-xl\" href=\"#\">\n\t\t\t\t\t\t<span class=\"elementor-button-content-wrapper\">\n\t\t\t\t\t\t\t\t\t<span class=\"elementor-button-text\">MyLife in English<\/span>\n\t\t\t\t\t<\/span>\n\t\t\t\t\t<\/a>\n\t\t\t\t<\/div>\n\t\t\t\t\t\t\t\t<\/div>\n\t\t\t\t<\/div>\n\t\t\t\t<div class=\"elementor-element elementor-element-000dc91 hiddenBlock elementor-widget elementor-widget-text-editor\" data-id=\"000dc91\" data-element_type=\"widget\" data-widget_type=\"text-editor.default\">\n\t\t\t\t<div class=\"elementor-widget-container\">\n\t\t\t\t\t\t\t\t\t<p>Pancakes, pigiama party, popcorn o una vera festa di Halloween? Se ne occuperanno le ragazze madrelingua pi\u00f9 giovani della nostra associazione. Il percorso \u201cMyLife in English\u201d comprende sia la <strong>celebrazione di feste importanti<\/strong> che l\u2019organizzazione di <strong>uscite, cucina e altre esperienze<\/strong> che permettono ai ragazzi di divertirsi e di scoprire aspetti della cultura delle insegnanti mentre imparano l\u2019inglese. Il <strong>quarto d\u2019ora di grammatica<\/strong> si fa sempre ad inizio incontro ma per il resto, <strong>si vive l&#8217;inglese<\/strong>. Si possono aggiungere ore di conversation dopo il laboratorio privato o anche prenotare i laboratori in modo occasionale. Possono coinvolgere <strong>da uno a cinque ragazzi<\/strong> e puntano a migliorare sia la fiducia in loro stessi mentre si esprimono in inglese che il controllo grammaticale della lingua. La sfida delle ragazze madrelingua, spesso poco pi\u00f9 grandi dei ragazzi, \u00e8 di inspirarli, di rendere gli argomenti discussi, le opere analizzate, le attivit\u00e0 e i giochi pianificati genuinamente interessanti per i ragazzi che si faranno volentieri coinvolgere avendo partecipato, non solo all\u2019esecuzione, ma anche alla pianificazione e scelta di ogni attivit\u00e0.<\/p><p><span style=\"text-decoration: underline;\">Scriveteci su WhatsApp o tramite mail per maggiori informazioni:<\/span><br \/><strong>WhatsApp: <\/strong>(+39) 3886473464<br \/><strong>Email: <\/strong><a href=\"mailto:mytatainglese@gmail.com\">mytatainglese@gmail.com<\/a><\/p>\t\t\t\t\t\t\t\t<\/div>\n\t\t\t\t<\/div>\n\t\t\t\t<div class=\"elementor-element elementor-element-5d33e13 elementor-button-info elementor-align-justify showBlock elementor-invisible elementor-widget elementor-widget-button\" data-id=\"5d33e13\" data-element_type=\"widget\" data-settings=\"{&quot;_animation&quot;:&quot;slideInUp&quot;}\" data-widget_type=\"button.default\">\n\t\t\t\t<div class=\"elementor-widget-container\">\n\t\t\t\t\t\t\t\t\t<div class=\"elementor-button-wrapper\">\n\t\t\t\t\t<a class=\"elementor-button elementor-button-link elementor-size-xl\" href=\"#\">\n\t\t\t\t\t\t<span class=\"elementor-button-content-wrapper\">\n\t\t\t\t\t\t\t\t\t<span class=\"elementor-button-text\">Percorso Cambridge<\/span>\n\t\t\t\t\t<\/span>\n\t\t\t\t\t<\/a>\n\t\t\t\t<\/div>\n\t\t\t\t\t\t\t\t<\/div>\n\t\t\t\t<\/div>\n\t\t\t\t<div class=\"elementor-element elementor-element-2487fe9 hiddenBlock elementor-widget elementor-widget-text-editor\" data-id=\"2487fe9\" data-element_type=\"widget\" data-widget_type=\"text-editor.default\">\n\t\t\t\t<div class=\"elementor-widget-container\">\n\t\t\t\t\t\t\t\t\t<p>Le nostre <strong>insegnanti certificate Cambridge<\/strong> preparano i ragazzi e gli accompagnano durante tutto il percorso delle certificazioni. Si possono alternare laboratori, sezioni di conversazione, corsi di grammatica e simulazioni in funzione delle priorit\u00e0 di ogni studente o gruppo di studenti e si possono organizzare le <strong>lezioni online, in presenza o in modalit\u00e0 ibrida<\/strong>.<\/p><p><span style=\"text-decoration: underline;\">Scriveteci su WhatsApp o tramite mail per maggiori informazioni:<\/span><br \/><strong>WhatsApp: <\/strong>(+39) 3886473464<br \/><strong>Email: <\/strong><a href=\"mailto:mytatainglese@gmail.com\">mytatainglese@gmail.com<\/a><\/p>\t\t\t\t\t\t\t\t<\/div>\n\t\t\t\t<\/div>\n\t\t\t\t\t<\/div>\n\t\t<\/div>\n\t\t\t\t\t<\/div>\n\t\t<\/section>\n\t\t\t\t<section class=\"elementor-section elementor-top-section elementor-element elementor-element-910e3df elementor-section-stretched elementor-section-boxed elementor-section-height-default elementor-section-height-default\" data-id=\"910e3df\" data-element_type=\"section\" data-settings=\"{&quot;stretch_section&quot;:&quot;section-stretched&quot;,&quot;background_background&quot;:&quot;classic&quot;}\">\n\t\t\t\t\t\t<div class=\"elementor-container elementor-column-gap-default\">\n\t\t\t\t\t<div class=\"elementor-column elementor-col-100 elementor-top-column elementor-element elementor-element-0984de0\" data-id=\"0984de0\" data-element_type=\"column\">\n\t\t\t<div class=\"elementor-widget-wrap elementor-element-populated\">\n\t\t\t\t\t\t<div class=\"elementor-element elementor-element-72f9028 elementor-arrows-position-inside elementor-pagination-position-outside elementor-invisible elementor-widget elementor-widget-image-carousel\" data-id=\"72f9028\" data-element_type=\"widget\" data-settings=\"{&quot;slides_to_show&quot;:&quot;2&quot;,&quot;speed&quot;:450,&quot;_animation&quot;:&quot;slideInUp&quot;,&quot;navigation&quot;:&quot;both&quot;,&quot;autoplay&quot;:&quot;yes&quot;,&quot;pause_on_hover&quot;:&quot;yes&quot;,&quot;pause_on_interaction&quot;:&quot;yes&quot;,&quot;autoplay_speed&quot;:5000,&quot;infinite&quot;:&quot;yes&quot;}\" data-widget_type=\"image-carousel.default\">\n\t\t\t\t<div class=\"elementor-widget-container\">\n\t\t\t\t\t\t\t<div class=\"elementor-image-carousel-wrapper swiper\" role=\"region\" aria-roledescription=\"carousel\" aria-label=\"Carosello d&#039;immagini\" dir=\"ltr\">\n\t\t\t<div class=\"elementor-image-carousel swiper-wrapper swiper-image-stretch\" aria-live=\"off\">\n\t\t\t\t\t\t\t\t<div class=\"swiper-slide\" role=\"group\" aria-roledescription=\"slide\" aria-label=\"1 di 13\"><figure class=\"swiper-slide-inner\"><img decoding=\"async\" class=\"swiper-slide-image\" src=\"https:\/\/mytataingleselaboratorio.com\/wp-content\/uploads\/elementor\/thumbs\/DSC_4842-scaled-prfjiukjnkpf7a1crrtcie2mh8hg3awfvu3s8njeww.jpg\" alt=\"DSC_4842\" \/><\/figure><\/div><div class=\"swiper-slide\" role=\"group\" aria-roledescription=\"slide\" aria-label=\"2 di 13\"><figure class=\"swiper-slide-inner\"><img decoding=\"async\" class=\"swiper-slide-image\" src=\"https:\/\/mytataingleselaboratorio.com\/wp-content\/uploads\/elementor\/thumbs\/DSC_4869-scaled-e1657447206446-prjzabd5ra137jpm8viwa10rng8kqdtomyafi3s668.jpg\" alt=\"DSC_4869\" \/><\/figure><\/div><div class=\"swiper-slide\" role=\"group\" aria-roledescription=\"slide\" aria-label=\"3 di 13\"><figure class=\"swiper-slide-inner\"><img decoding=\"async\" class=\"swiper-slide-image\" src=\"https:\/\/mytataingleselaboratorio.com\/wp-content\/uploads\/elementor\/thumbs\/DSC_3762-scaled-prfixp79vrr5z4ra9mpjeq79b4q4wgxuz5ohiiwaww.jpg\" alt=\"DSC_3762\" \/><\/figure><\/div><div class=\"swiper-slide\" role=\"group\" aria-roledescription=\"slide\" aria-label=\"4 di 13\"><figure class=\"swiper-slide-inner\"><img decoding=\"async\" class=\"swiper-slide-image\" src=\"https:\/\/mytataingleselaboratorio.com\/wp-content\/uploads\/elementor\/thumbs\/Teen-4-e1633622076192-pe7zfb8q1g8wnud1cj6svhlarcqzbd6j9k0thgl9vk.jpeg\" alt=\"Teen 4\" \/><\/figure><\/div><div class=\"swiper-slide\" role=\"group\" aria-roledescription=\"slide\" aria-label=\"5 di 13\"><figure class=\"swiper-slide-inner\"><img decoding=\"async\" class=\"swiper-slide-image\" src=\"https:\/\/mytataingleselaboratorio.com\/wp-content\/uploads\/elementor\/thumbs\/DSC_5134-scaled-prfjvkby3w429dkfironqok3rvt77wdpyrt8yeooqo.jpg\" alt=\"DSC_5134\" \/><\/figure><\/div><div class=\"swiper-slide\" role=\"group\" aria-roledescription=\"slide\" aria-label=\"6 di 13\"><figure class=\"swiper-slide-inner\"><img decoding=\"async\" class=\"swiper-slide-image\" src=\"https:\/\/mytataingleselaboratorio.com\/wp-content\/uploads\/elementor\/thumbs\/DSC_5146-scaled-prfjw26vpqsidyuhmhekk21v27d6a5cmd87h2ny7gg.jpg\" alt=\"DSC_5146\" \/><\/figure><\/div><div class=\"swiper-slide\" role=\"group\" aria-roledescription=\"slide\" aria-label=\"7 di 13\"><figure class=\"swiper-slide-inner\"><img decoding=\"async\" class=\"swiper-slide-image\" src=\"https:\/\/mytataingleselaboratorio.com\/wp-content\/uploads\/elementor\/thumbs\/teens-1-oux9wngpdz0pygb64gq6ztmj174frv88b4synjmm9s.jpg\" alt=\"teens 1\" \/><\/figure><\/div><div class=\"swiper-slide\" role=\"group\" aria-roledescription=\"slide\" aria-label=\"8 di 13\"><figure class=\"swiper-slide-inner\"><img decoding=\"async\" class=\"swiper-slide-image\" src=\"https:\/\/mytataingleselaboratorio.com\/wp-content\/uploads\/elementor\/thumbs\/jolly-8-oux9vri6xlsyzpllb2wvn1ouu3hyi5pcuqmgc4y05c.jpg\" alt=\"jolly 8\" \/><\/figure><\/div><div class=\"swiper-slide\" role=\"group\" aria-roledescription=\"slide\" aria-label=\"9 di 13\"><figure class=\"swiper-slide-inner\"><img decoding=\"async\" class=\"swiper-slide-image\" src=\"https:\/\/mytataingleselaboratorio.com\/wp-content\/uploads\/elementor\/thumbs\/4afa0588-dd45-4887-8ca8-a1f706126bb5-e1633622128935-peauierewqgks5sa56bdpi7uy77yf2zd5s8xb03xog.jpg\" alt=\"4afa0588-dd45-4887-8ca8-a1f706126bb5\" \/><\/figure><\/div><div class=\"swiper-slide\" role=\"group\" aria-roledescription=\"slide\" aria-label=\"10 di 13\"><figure class=\"swiper-slide-inner\"><img decoding=\"async\" class=\"swiper-slide-image\" src=\"https:\/\/mytataingleselaboratorio.com\/wp-content\/uploads\/elementor\/thumbs\/IMG_8908-peauj1bjgrbgisvihg2fdcix7g4rjtgx8vwktn6hj4.jpg\" alt=\"IMG_8908\" \/><\/figure><\/div><div class=\"swiper-slide\" role=\"group\" aria-roledescription=\"slide\" aria-label=\"11 di 13\"><figure class=\"swiper-slide-inner\"><img decoding=\"async\" class=\"swiper-slide-image\" src=\"https:\/\/mytataingleselaboratorio.com\/wp-content\/uploads\/elementor\/thumbs\/IMG_8515-peauiuqo4x2g9j52jv81dw6p1r171xqsvzc6gpg8qo.jpg\" alt=\"IMG_8515\" \/><\/figure><\/div><div class=\"swiper-slide\" role=\"group\" aria-roledescription=\"slide\" aria-label=\"12 di 13\"><figure class=\"swiper-slide-inner\"><img decoding=\"async\" class=\"swiper-slide-image\" src=\"https:\/\/mytataingleselaboratorio.com\/wp-content\/uploads\/elementor\/thumbs\/IMG_5557-scaled-peauilca8kpl1fiq2r5royk33wbiwyphiotbnxu6gw.jpg\" alt=\"IMG_5557\" \/><\/figure><\/div><div class=\"swiper-slide\" role=\"group\" aria-roledescription=\"slide\" aria-label=\"13 di 13\"><figure class=\"swiper-slide-inner\"><img decoding=\"async\" class=\"swiper-slide-image\" src=\"https:\/\/mytataingleselaboratorio.com\/wp-content\/uploads\/elementor\/thumbs\/IMG_8905-peauiyi0w97ljyzlxwujnv8jfainwq5q8hy4dtao1s.jpg\" alt=\"IMG_8905\" \/><\/figure><\/div>\t\t\t<\/div>\n\t\t\t\t\t\t\t\t\t\t\t\t<div class=\"elementor-swiper-button elementor-swiper-button-prev\" role=\"button\" tabindex=\"0\">\n\t\t\t\t\t\t<i aria-hidden=\"true\" class=\"eicon-chevron-left\"><\/i>\t\t\t\t\t<\/div>\n\t\t\t\t\t<div class=\"elementor-swiper-button elementor-swiper-button-next\" role=\"button\" tabindex=\"0\">\n\t\t\t\t\t\t<i aria-hidden=\"true\" class=\"eicon-chevron-right\"><\/i>\t\t\t\t\t<\/div>\n\t\t\t\t\n\t\t\t\t\t\t\t\t\t<div class=\"swiper-pagination\"><\/div>\n\t\t\t\t\t\t\t\t\t<\/div>\n\t\t\t\t\t\t<\/div>\n\t\t\t\t<\/div>\n\t\t\t\t\t<\/div>\n\t\t<\/div>\n\t\t\t\t\t<\/div>\n\t\t<\/section>\n\t\t\t\t<section class=\"elementor-section elementor-top-section elementor-element elementor-element-7c39286 elementor-section-boxed elementor-section-height-default elementor-section-height-default\" data-id=\"7c39286\" data-element_type=\"section\">\n\t\t\t\t\t\t<div class=\"elementor-container elementor-column-gap-default\">\n\t\t\t\t\t<div class=\"elementor-column elementor-col-100 elementor-top-column elementor-element elementor-element-c9dfffa\" data-id=\"c9dfffa\" data-element_type=\"column\">\n\t\t\t<div class=\"elementor-widget-wrap\">\n\t\t\t\t\t\t\t<\/div>\n\t\t<\/div>\n\t\t\t\t\t<\/div>\n\t\t<\/section>\n\t\t\t\t<\/div>\n\t\t","protected":false},"excerpt":{"rendered":"<p>Teenager Nella nostra associazione gli adolescenti hanno un ruolo chiave visto che rappresentano un esempio per i pi\u00f9 piccoli e una risorsa preziosa per i nostri insegnanti. Le tematiche dei laboratori esclusivamente riservati ai teen sia collettivi che privati sono scelte insieme a loro e possono variare da argomenti fondamentali per la loro generazione, come la preservazione dell&#8217;ambiente e del pianeta, la comprensione in lingua originale e analisi critica di successi musicali e serie TV, passando da forme pi\u00f9 classiche di espressione dei sentimenti e propria originalit\u00e0 come l\u2019arte, la letteratura e, come per le altre fasce di et\u00e0, la&#8230; <\/p>","protected":false},"author":1,"featured_media":483,"parent":0,"menu_order":0,"comment_status":"closed","ping_status":"closed","template":"template-full-width.php","meta":{"footnotes":""},"class_list":["post-437","page","type-page","status-publish","has-post-thumbnail","hentry"],"_links":{"self":[{"href":"https:\/\/mytataingleselaboratorio.com\/en\/wp-json\/wp\/v2\/pages\/437","targetHints":{"allow":["GET"]}}],"collection":[{"href":"https:\/\/mytataingleselaboratorio.com\/en\/wp-json\/wp\/v2\/pages"}],"about":[{"href":"https:\/\/mytataingleselaboratorio.com\/en\/wp-json\/wp\/v2\/types\/page"}],"author":[{"embeddable":true,"href":"https:\/\/mytataingleselaboratorio.com\/en\/wp-json\/wp\/v2\/users\/1"}],"replies":[{"embeddable":true,"href":"https:\/\/mytataingleselaboratorio.com\/en\/wp-json\/wp\/v2\/comments?post=437"}],"version-history":[{"count":51,"href":"https:\/\/mytataingleselaboratorio.com\/en\/wp-json\/wp\/v2\/pages\/437\/revisions"}],"predecessor-version":[{"id":6866,"href":"https:\/\/mytataingleselaboratorio.com\/en\/wp-json\/wp\/v2\/pages\/437\/revisions\/6866"}],"wp:featuredmedia":[{"embeddable":true,"href":"https:\/\/mytataingleselaboratorio.com\/en\/wp-json\/wp\/v2\/media\/483"}],"wp:attachment":[{"href":"https:\/\/mytataingleselaboratorio.com\/en\/wp-json\/wp\/v2\/media?parent=437"}],"curies":[{"name":"wp","href":"https:\/\/api.w.org\/{rel}","templated":true}]}}