{"id":447,"date":"2020-08-15T17:27:39","date_gmt":"2020-08-15T15:27:39","guid":{"rendered":"https:\/\/mytataingleselaboratorio.com\/?page_id=447"},"modified":"2025-06-23T19:42:32","modified_gmt":"2025-06-23T17:42:32","slug":"unisciti-allassociazione","status":"publish","type":"page","link":"https:\/\/mytataingleselaboratorio.com\/en\/lassociazione-mytata-firenze\/unisciti-allassociazione\/","title":{"rendered":"JOIN THE ASSOCIATION!"},"content":{"rendered":"\t\t<div data-elementor-type=\"wp-page\" data-elementor-id=\"447\" class=\"elementor elementor-447\">\n\t\t\t\t\t\t<section class=\"elementor-section elementor-top-section elementor-element elementor-element-ed748d9 elementor-section-boxed elementor-section-height-default elementor-section-height-default\" data-id=\"ed748d9\" data-element_type=\"section\">\n\t\t\t\t\t\t<div class=\"elementor-container elementor-column-gap-default\">\n\t\t\t\t\t<div class=\"elementor-column elementor-col-100 elementor-top-column elementor-element elementor-element-7e26ff96\" data-id=\"7e26ff96\" data-element_type=\"column\">\n\t\t\t<div class=\"elementor-widget-wrap elementor-element-populated\">\n\t\t\t\t\t\t<div class=\"elementor-element elementor-element-2053561f elementor-widget elementor-widget-text-editor\" data-id=\"2053561f\" data-element_type=\"widget\" data-widget_type=\"text-editor.default\">\n\t\t\t\t<div class=\"elementor-widget-container\">\n\t\t\t\t\t\t\t\t\t\n<p><div class=\"wpforms-container wpforms-container-full\" id=\"wpforms-449\"><form id=\"wpforms-form-449\" class=\"wpforms-validate wpforms-form\" data-formid=\"449\" method=\"post\" enctype=\"multipart\/form-data\" action=\"\/en\/wp-json\/wp\/v2\/pages\/447\" data-token=\"da38465a8c8405d3fbde1784b00277b2\"><noscript class=\"wpforms-error-noscript\">Please enable JavaScript in your browser to complete this form.<\/noscript><div class=\"wpforms-field-container\"><div id=\"wpforms-449-field_1-container\" class=\"wpforms-field wpforms-field-name\" data-field-id=\"1\"><label class=\"wpforms-field-label\" for=\"wpforms-449-field_1\">Dati Anagrafici <span class=\"wpforms-required-label\">*<\/span><\/label><div class=\"wpforms-field-row wpforms-field-medium\"><div class=\"wpforms-field-row-block wpforms-first wpforms-one-half\"><input type=\"text\" id=\"wpforms-449-field_1\" class=\"wpforms-field-name-first wpforms-field-required\" name=\"wpforms[fields][1][first]\" required><label for=\"wpforms-449-field_1\" class=\"wpforms-field-sublabel after \">First<\/label><\/div><div class=\"wpforms-field-row-block wpforms-one-half\"><input type=\"text\" id=\"wpforms-449-field_1-last\" class=\"wpforms-field-name-last wpforms-field-required\" name=\"wpforms[fields][1][last]\" required><label for=\"wpforms-449-field_1-last\" class=\"wpforms-field-sublabel after \">Last<\/label><\/div><\/div><\/div><div id=\"wpforms-449-field_4-container\" class=\"wpforms-field wpforms-field-text\" data-field-id=\"4\"><label class=\"wpforms-field-label\" for=\"wpforms-449-field_4\">Luogo di nascita <span class=\"wpforms-required-label\">*<\/span><\/label><input type=\"text\" id=\"wpforms-449-field_4\" class=\"wpforms-field-medium wpforms-field-required\" name=\"wpforms[fields][4]\" required><\/div><div id=\"wpforms-449-field_5-container\" class=\"wpforms-field wpforms-field-date-time\" data-field-id=\"5\"><label class=\"wpforms-field-label\" for=\"wpforms-449-field_5\">Data di nascita <span class=\"wpforms-required-label\">*<\/span><\/label><select name=\"wpforms[fields][5][date][d]\" id=\"wpforms-field_5-day\" class=\"wpforms-field-date-time-date-day wpforms-field-required\"  required><option value=\"\" class=\"placeholder\" selected disabled>DD<\/option><option value=\"1\" >1<\/option><option value=\"2\" >2<\/option><option value=\"3\" >3<\/option><option value=\"4\" >4<\/option><option value=\"5\" >5<\/option><option value=\"6\" >6<\/option><option value=\"7\" >7<\/option><option value=\"8\" >8<\/option><option value=\"9\" >9<\/option><option value=\"10\" >10<\/option><option value=\"11\" >11<\/option><option value=\"12\" >12<\/option><option value=\"13\" >13<\/option><option value=\"14\" >14<\/option><option value=\"15\" >15<\/option><option value=\"16\" >16<\/option><option value=\"17\" >17<\/option><option value=\"18\" >18<\/option><option value=\"19\" >19<\/option><option value=\"20\" >20<\/option><option value=\"21\" >21<\/option><option value=\"22\" >22<\/option><option value=\"23\" >23<\/option><option value=\"24\" >24<\/option><option value=\"25\" >25<\/option><option value=\"26\" >26<\/option><option value=\"27\" >27<\/option><option value=\"28\" >28<\/option><option value=\"29\" >29<\/option><option value=\"30\" >30<\/option><option value=\"31\" >31<\/option><\/select><span class=\"wpforms-field-date-time-date-sep\">\/<\/span><select name=\"wpforms[fields][5][date][m]\" id=\"wpforms-field_5-month\" class=\"wpforms-field-date-time-date-month wpforms-field-required\"  required><option value=\"\" class=\"placeholder\" selected disabled>MM<\/option><option value=\"1\" >1<\/option><option value=\"2\" >2<\/option><option value=\"3\" >3<\/option><option value=\"4\" >4<\/option><option value=\"5\" >5<\/option><option value=\"6\" >6<\/option><option value=\"7\" >7<\/option><option value=\"8\" >8<\/option><option value=\"9\" >9<\/option><option value=\"10\" >10<\/option><option value=\"11\" >11<\/option><option value=\"12\" >12<\/option><\/select><span class=\"wpforms-field-date-time-date-sep\">\/<\/span><select name=\"wpforms[fields][5][date][y]\" id=\"wpforms-field_5-year\" class=\"wpforms-field-date-time-date-year wpforms-field-required\"  required><option value=\"\" class=\"placeholder\" selected disabled>YYYY<\/option><option value=\"2026\" >2026<\/option><option value=\"2025\" >2025<\/option><option value=\"2024\" >2024<\/option><option value=\"2023\" >2023<\/option><option value=\"2022\" >2022<\/option><option value=\"2021\" >2021<\/option><option value=\"2020\" >2020<\/option><option value=\"2019\" >2019<\/option><option value=\"2018\" >2018<\/option><option value=\"2017\" >2017<\/option><option value=\"2016\" >2016<\/option><option value=\"2015\" >2015<\/option><option value=\"2014\" >2014<\/option><option value=\"2013\" >2013<\/option><option value=\"2012\" >2012<\/option><option value=\"2011\" >2011<\/option><option value=\"2010\" >2010<\/option><option value=\"2009\" >2009<\/option><option value=\"2008\" >2008<\/option><option value=\"2007\" >2007<\/option><option value=\"2006\" >2006<\/option><option value=\"2005\" >2005<\/option><option value=\"2004\" >2004<\/option><option value=\"2003\" >2003<\/option><option value=\"2002\" >2002<\/option><option value=\"2001\" >2001<\/option><option value=\"2000\" >2000<\/option><option value=\"1999\" >1999<\/option><option value=\"1998\" >1998<\/option><option value=\"1997\" >1997<\/option><option value=\"1996\" >1996<\/option><option value=\"1995\" >1995<\/option><option value=\"1994\" >1994<\/option><option value=\"1993\" >1993<\/option><option value=\"1992\" >1992<\/option><option value=\"1991\" >1991<\/option><option value=\"1990\" >1990<\/option><option value=\"1989\" >1989<\/option><option value=\"1988\" >1988<\/option><option value=\"1987\" >1987<\/option><option value=\"1986\" >1986<\/option><option value=\"1985\" >1985<\/option><option value=\"1984\" >1984<\/option><option value=\"1983\" >1983<\/option><option value=\"1982\" >1982<\/option><option value=\"1981\" >1981<\/option><option value=\"1980\" >1980<\/option><option value=\"1979\" >1979<\/option><option value=\"1978\" >1978<\/option><option value=\"1977\" >1977<\/option><option value=\"1976\" >1976<\/option><option value=\"1975\" >1975<\/option><option value=\"1974\" >1974<\/option><option value=\"1973\" >1973<\/option><option value=\"1972\" >1972<\/option><option value=\"1971\" >1971<\/option><option value=\"1970\" >1970<\/option><option value=\"1969\" >1969<\/option><option value=\"1968\" >1968<\/option><option value=\"1967\" >1967<\/option><option value=\"1966\" >1966<\/option><option value=\"1965\" >1965<\/option><option value=\"1964\" >1964<\/option><option value=\"1963\" >1963<\/option><option value=\"1962\" >1962<\/option><option value=\"1961\" >1961<\/option><option value=\"1960\" >1960<\/option><option value=\"1959\" >1959<\/option><option value=\"1958\" >1958<\/option><option value=\"1957\" >1957<\/option><option value=\"1956\" >1956<\/option><option value=\"1955\" >1955<\/option><option value=\"1954\" >1954<\/option><option value=\"1953\" >1953<\/option><option value=\"1952\" >1952<\/option><option value=\"1951\" >1951<\/option><option value=\"1950\" >1950<\/option><option value=\"1949\" >1949<\/option><option value=\"1948\" >1948<\/option><option value=\"1947\" >1947<\/option><option value=\"1946\" >1946<\/option><option value=\"1945\" >1945<\/option><option value=\"1944\" >1944<\/option><option value=\"1943\" >1943<\/option><option value=\"1942\" >1942<\/option><option value=\"1941\" >1941<\/option><option value=\"1940\" >1940<\/option><option value=\"1939\" >1939<\/option><option value=\"1938\" >1938<\/option><option value=\"1937\" >1937<\/option><option value=\"1936\" >1936<\/option><option value=\"1935\" >1935<\/option><option value=\"1934\" >1934<\/option><option value=\"1933\" >1933<\/option><option value=\"1932\" >1932<\/option><option value=\"1931\" >1931<\/option><option value=\"1930\" >1930<\/option><option value=\"1929\" >1929<\/option><option value=\"1928\" >1928<\/option><option value=\"1927\" >1927<\/option><option value=\"1926\" >1926<\/option><option value=\"1925\" >1925<\/option><option value=\"1924\" >1924<\/option><option value=\"1923\" >1923<\/option><option value=\"1922\" >1922<\/option><option value=\"1921\" >1921<\/option><option value=\"1920\" >1920<\/option><\/select><\/div><div id=\"wpforms-449-field_8-container\" class=\"wpforms-field wpforms-field-text\" data-field-id=\"8\"><label class=\"wpforms-field-label\" for=\"wpforms-449-field_8\">Codice Fiscale <span class=\"wpforms-required-label\">*<\/span><\/label><input type=\"text\" id=\"wpforms-449-field_8\" class=\"wpforms-field-medium wpforms-field-required\" name=\"wpforms[fields][8]\" required><\/div><div id=\"wpforms-449-field_6-container\" class=\"wpforms-field wpforms-field-text\" data-field-id=\"6\"><label class=\"wpforms-field-label\" for=\"wpforms-449-field_6\">Residenza <span class=\"wpforms-required-label\">*<\/span><\/label><input type=\"text\" id=\"wpforms-449-field_6\" class=\"wpforms-field-medium wpforms-field-required\" name=\"wpforms[fields][6]\" required><div class=\"wpforms-field-description\">Via\/Piazza, n\u00b0 Civico<\/div><\/div><div id=\"wpforms-449-field_2-container\" class=\"wpforms-field wpforms-field-phone\" data-field-id=\"2\"><label class=\"wpforms-field-label\" for=\"wpforms-449-field_2\">Telefono <span class=\"wpforms-required-label\">*<\/span><\/label><input type=\"tel\" id=\"wpforms-449-field_2\" class=\"wpforms-field-medium wpforms-field-required wpforms-smart-phone-field\" data-rule-smart-phone-field=\"true\" name=\"wpforms[fields][2]\" required><\/div><div id=\"wpforms-449-field_3-container\" class=\"wpforms-field wpforms-field-email\" data-field-id=\"3\"><label class=\"wpforms-field-label\" for=\"wpforms-449-field_3\">Email <span class=\"wpforms-required-label\">*<\/span><\/label><input type=\"email\" id=\"wpforms-449-field_3\" class=\"wpforms-field-medium wpforms-field-required\" name=\"wpforms[fields][3]\" required><\/div><div id=\"wpforms-449-field_9-container\" class=\"wpforms-field wpforms-field-checkbox\" data-field-id=\"9\"><ul id=\"wpforms-449-field_9\" class=\"wpforms-field-required\"><li class=\"choice-1 depth-1\"><input type=\"checkbox\" id=\"wpforms-449-field_9_1\" name=\"wpforms[fields][9][]\" value=\"Ho letto, compreso e accettato la Privacy Policy (obbligatorio!)\" required ><label class=\"wpforms-field-label-inline\" for=\"wpforms-449-field_9_1\">Ho letto, compreso e accettato la Privacy Policy (obbligatorio!)<\/label><\/li><\/ul><div class=\"wpforms-field-description wpforms-disclaimer-description\">Informativa in materia di protezione dei dati personali (D. LGS. 30.06.2003 N. 196 &#8211; REG. UE 679\/2016)<br \/>\r\nAssociazione MyTata Inglese con sede legale in Firenze, Via dello Statuto n. 4, in persona dei soci fondatori, Sig.ra Arzoglou Thaila (cod. fisc. RZGTHL79A69Z115G) e Estrada Patricia Esmeralda (cod. fisc. STRPRC88C57Z404F), mytatainglese@gmail.com, (tel. 338\/6584939), nella sua qualit\u00e0 di Titolare del trattamento dei dati personali, con la presente informa ciascun componente della compagine societaria, in seguito definito\/a anche interessato\/a che, in relazione al rapporto esistente alla data odierna con l\u2019associazione, i dati personali che riguardano il socio ed il minore su cui esercita la potest\u00e0, in possesso del Titolare o che verranno richiesti in seguito o comunicati da terze parti, sono necessari e saranno utilizzati per le finalit\u00e0 di seguito indicate.<br \/>\r\nDATI PERSONALI OGGETTO DI TRATTAMENTO E FINALITA\u2019 DEL TRATTAMENTO<br \/>\r\nI dati personali raccolti, identificativi, contabili, fiscali, informatici, e bancari comunicati e raccolti in esecuzione e nello svolgimento nell\u2019esercizio della propria qualifica ed in osservanza e nel rispetto delle disposizioni in materia di trattamento e protezione dei dati personali, sono utilizzati dal Titolare nel completo rispetto del principio di correttezza e liceit\u00e0 e delle disposizioni di legge per adempiere a finalit\u00e0 strumentali e funzionali al perseguimento di finalit\u00e0 strumentali e\/o complementari alle attivit\u00e0 statutariamente espresse, e al controllo, all\u2019amministrazione, gestione e alla rappresentanza derivanti dalla posizione degli interessati e comunque dalla partecipazione alla societ\u00e0 del Titolare, ed altres\u00ec connesse alle attivit\u00e0 dette, quali l\u2019archiviazione, la fatturazione, l\u2019elaborazione e la registrazione.<br \/>\r\nI dati personali del minore su cui l\u2019interessato esercita la potest\u00e0 si estendono a dati sensibili, quali la presenza di problemi di salute, allergie ed intolleranze alimentari, ed allo stesso modo sono utilizzati dal Titolare nel completo rispetto del principio di correttezza e liceit\u00e0 e delle disposizioni di legge per adempiere a finalit\u00e0 strumentali e funzionali al perseguimento di finalit\u00e0 strumentali e\/o complementari alle attivit\u00e0 statutariamente espresse.<br \/>\r\nNell\u2019ambito dei trattamenti descritti \u00e8 necessaria la conoscenza e la memorizzazione di dati anagrafici dell\u2019interessato e del minore su cui esercita la potest\u00e0, nonch\u00e9 l\u2019acquisizione delle variazioni di tali dati che vorr\u00e0 premunirsi di comunicare non appena verificati, al fine di una corretta gestione del rapporto.<br \/>\r\n  <br \/>\r\nIl Titolare rende noto, inoltre, che l\u2019eventuale mancata e\/o errata comunicazione di una delle informazioni obbligatorie, comporter\u00e0 l\u2019impossibilit\u00e0 del Titolare di garantire la congruit\u00e0 del trattamento stesso ai patti contrattuali per cui esso sia eseguito nonch\u00e9 la possibile mancata corrispondenza dei risultati del trattamento stesso agli obblighi imposti dalla normativa fiscale, amministrativa o del lavoro cui esso \u00e8 indirizzato.<br \/>\r\nTaluni dati (indirizzo e-mail, numero di telefono) sono raccolti altres\u00ec per lo svolgimento, previo suo consenso espresso, di attivit\u00e0 di marketing quali l\u2019invio tramite e-mail e\/o SMS di materiale pubblicitario, di newsletters e di comunicazioni aventi contenuto informativo e\/o promozionale in relazione a prodotti o servizi forniti e\/o promossi dal Titolare Associazione MyTata.<br \/>\r\nPer le finalit\u00e0 di cui al precedente capoverso il conferimento dei dati \u00e8 facoltativo e l\u2019eventuale rifiuto di conferire tali dati e di prestare il relativo consenso comporta l&#8217;impossibilit\u00e0 per il Titolare di dar seguito alle attivit\u00e0 di marketing.<br \/>\r\nIl trattamento sar\u00e0 improntato ai principi di correttezza, liceit\u00e0, trasparenza e di tutela della riservatezza e dei Suoi diritti.<br \/>\r\nMODALITA\u2019 DI TRATTAMENTO<br \/>\r\nIl trattamento dei dati \u00e8 eseguito attraverso procedure informatiche o comunque mezzi telematici o supporti cartacei ad opera di soggetti, interni od esterni, a ci\u00f2 appositamente incaricati, ovvero impegnati alla riservatezza. I dati sono conservati in archivi cartacei e elettronici con piena assicurazione delle misure di sicurezza previste dal legislatore.<br \/>\r\nLUOGO DI TRATTAMENTO<br \/>\r\nI dati vengono attualmente trattati ed archiviati presso la sede legale dell\u2019associazione. Sono inoltre trattati, per conto del Titolare, da professionisti e\/o societ\u00e0 incaricate di svolgere attivit\u00e0 tecniche, di sviluppo, gestionali, amministrativo \u2013 contabili e legali.<br \/>\r\nCOMUNICAZIONE E DIFFUSIONE<br \/>\r\nI dati raccolti non saranno oggetto di divulgazione e di diffusione. La comunicazione a terzi, diversi dal Titolare, dai responsabili interni ma anche esterni alla struttura associativa, e dagli incaricati al trattamento individuati e nominati \u00e8 prevista solo per l\u2019espletamento delle attivit\u00e0 inerenti il rapporto instaurato con garanzia di tutela dei diritti dell\u2019interessato. Per quanto in specie consentito e necessario in base alla gestione del rapporto di lavoro, sono previste le comunicazioni alle societ\u00e0 e\/o persone con cui sussistono appositi accordi in ragione delle finalit\u00e0 di trattamento condivise e della prestazione di servizi afferenti alle attivit\u00e0 correnti del Titolare medesimo, enti pubblici e privati per finalit\u00e0 previdenziali, assistenziali o assicurative,<br \/>\r\n<br \/>\r\nassociazioni sindacali di categoria e rappresentanze sindacali in adempimento di specifici obblighi derivanti dalla contrattazione collettiva; e ancora societ\u00e0 che prestano assistenza informatica, istituti di credito, medico competente ex art. D.lgs. n. 81\/2008, studi di commercialisti che svolgono attivit\u00e0 di assistenza e consulenza all\u2019associazione, societ\u00e0 che svolgono attivit\u00e0 di elaborazione dati, contabilit\u00e0 ed archiviazione.<br \/>\r\nTRASFERIMENTO DEI DATI<br \/>\r\nIl Titolare del trattamento non trasferisce i dati personali in paesi terzi o a organizzazioni internazionali. Tuttavia, si riserva la possibilit\u00e0 di utilizzare servizi in cloud e in tal caso, i fornitori dei servizi saranno selezionati tra coloro che forniscono garanzie adeguate, cos\u00ec come previsto dall\u2019art. 46 Reg. UE n. 679\/16.<br \/>\r\nTEMPI DI CONSERVAZIONE<br \/>\r\nI dati personali degli interessati saranno conservati per il tempo necessario allo svolgimento dei rapporti sussistenti tra le parti e per l\u2019adempimento dei relativi obblighi, e comunque secondo i termini applicabili per legge in materia previdenziale, nonch\u00e9 di quelli prescrizionali previsti per l\u2019esercizio dei diritti discendenti dal rapporto anche dopo la sua definitiva cessazione, fatte in ogni caso salve le cautele previste per i dati sensibili nei confronti dei quali il Titolare si preoccupa di verificare con cadenza periodica la loro stretta pertinenza, non eccedenza e indispensabilit\u00e0 rispetto al trattamento ancora in essere o anche cessato.<br \/>\r\nDIRITTI DELL\u2019INTERESSATO<br \/>\r\nL\u2019interessato potr\u00e0 far valere i propri diritti come espressi dagli art. 15, 16, 17, 18, 20 e 21 del Regolamento UE n. 679\/2016, rivolgendosi al Titolare del trattamento.<br \/>\r\nIn particolare secondo l\u2019art. 15 l\u2019interessato ha il diritto di ottenere dal titolare del trattamento la conferma che sia o meno in corso un trattamento di dati personali che lo riguardano e in tal caso, di ottenere l&#8217;accesso ai dati personali e a tutte le informazioni relative a tali dati, indicate nel predetto articolo.<br \/>\r\nL&#8217;interessato, ai sensi dell\u2019art. 16 del Regolamento ha diritto di ottenere dal titolare del trattamento la rettifica dei dati personali inesatti che lo riguardano senza ingiustificato ritardo e l&#8217;integrazione dei dati personali incompleti, anche fornendo una dichiarazione integrativa. Secondo l\u2019Art. 17 L&#8217;interessato ha il diritto di ottenere dal titolare del trattamento la cancellazione dei dati personali che lo riguardano senza ingiustificato ritardo.<br \/>\r\nAi sensi dell\u2019art. 18 del Regolamento l\u2019interessato ha il diritto di ottenere dal titolare del trattamento la limitazione del trattamento qualora a) l&#8217;interessato contesti l&#8217;esattezza dei dati personali; b) il trattamento risulti illecito e l&#8217;interessato si oppone alla cancellazione dei dati personali e chiede invece che ne sia limitato l&#8217;utilizzo; c) bench\u00e9<br \/>\r\n<br \/>\r\nil titolare del trattamento non ne abbia pi\u00f9 bisogno ai fini del trattamento, i dati personali sono necessari all&#8217;interessato per l&#8217;accertamento, l&#8217;esercizio o la difesa di un diritto in sede giudiziaria; d) l&#8217;interessato si sia opposto al trattamento ai sensi dell&#8217;articolo 21, paragrafo 1, in attesa della verifica in merito all&#8217;eventuale prevalenza dei motivi legittimi del titolare del trattamento rispetto a quelli dell&#8217;interessato. L&#8217;interessato ha il diritto di ricevere in un formato strutturato, di uso comune e leggibile da dispositivo automatico i dati personali che lo riguardano forniti dal titolare del trattamento e ha il diritto di trasmettere tali dati a un altro titolare del trattamento senza impedimenti da parte del titolare del trattamento cui li ha forniti qualora: a) il trattamento si basi sul consenso o su un contratto e b) il trattamento sia effettuato con mezzi automatizzati.<br \/>\r\nInfine, ai sensi dell\u2019art. 21 del Regolamento l\u2019interessato ha il diritto di opporsi in qualsiasi momento, per motivi connessi alla sua situazione particolare, al trattamento dei dati personali che lo riguardano.<br \/>\r\nRECLAMO ALL\u2019AUTORITA\u2019 DI CONTROLLO<br \/>\r\nFatto salvo ogni altro ricorso amministrativo o giurisdizionale, l&#8217;interessato che ritenga che il trattamento che lo riguarda violi il presente regolamento ha il diritto di proporre reclamo all&#8217;autorit\u00e0 di controllo.<br \/>\r\nPROCESSI DECISIONALI AUTOMATIZZATI<br \/>\r\nIl Titolare non effettua trattamenti che consistano in processi decisionali automatizzati sui dati dei clienti persone fisiche, o delle persone fisiche che operano in nome e per conto dei clienti persone giuridiche.<br \/>\r\nNATURA DEL CONFERIMENTO<br \/>\r\nIl conferimento dei dati, ivi compresi quelli sensibili nelle ipotesi stabilite e nel caso quelli giudiziari, \u00e8 obbligatorio per gli adempimenti richiesti e sanzionati dalla legge, per il resto il conferimento \u00e8 facoltativo ma necessario e l\u2019eventuale rifiuto da parte dell\u2019interessato comporta l\u2019impossibilit\u00e0 per il Titolare di dar seguito all\u2019instaurando rapporto e alla sua puntuale esecuzione.<br \/>\r\nFirenze, _________ Associazione MyTata Inglese Il PRESIDENTE DELL\u2019ASSOCIAZIONE<br \/>\r\n<\/div><\/div><\/div><div class=\"wpforms-field wpforms-field-hp\"><label for=\"wpforms-449-field-hp\" class=\"wpforms-field-label\">Name<\/label><input type=\"text\" name=\"wpforms[hp]\" id=\"wpforms-449-field-hp\" class=\"wpforms-field-medium\"><\/div><div class=\"wpforms-submit-container\" ><input type=\"hidden\" name=\"wpforms[id]\" value=\"449\"><input type=\"hidden\" name=\"wpforms[author]\" value=\"1\"><button type=\"submit\" name=\"wpforms[submit]\" class=\"wpforms-submit \" id=\"wpforms-submit-449\" value=\"wpforms-submit\" aria-live=\"assertive\" data-alt-text=\"Invio in corso...\" data-submit-text=\"Invia\">Invia<\/button><\/div><\/form><\/div>  <!-- .wpforms-container --><\/p>\n\t\t\t\t\t\t\t\t<\/div>\n\t\t\t\t<\/div>\n\t\t\t\t\t<\/div>\n\t\t<\/div>\n\t\t\t\t\t<\/div>\n\t\t<\/section>\n\t\t\t\t<\/div>\n\t\t","protected":false},"excerpt":{"rendered":"","protected":false},"author":1,"featured_media":577,"parent":123,"menu_order":0,"comment_status":"closed","ping_status":"closed","template":"","meta":{"footnotes":""},"class_list":["post-447","page","type-page","status-publish","has-post-thumbnail","hentry"],"_links":{"self":[{"href":"https:\/\/mytataingleselaboratorio.com\/en\/wp-json\/wp\/v2\/pages\/447","targetHints":{"allow":["GET"]}}],"collection":[{"href":"https:\/\/mytataingleselaboratorio.com\/en\/wp-json\/wp\/v2\/pages"}],"about":[{"href":"https:\/\/mytataingleselaboratorio.com\/en\/wp-json\/wp\/v2\/types\/page"}],"author":[{"embeddable":true,"href":"https:\/\/mytataingleselaboratorio.com\/en\/wp-json\/wp\/v2\/users\/1"}],"replies":[{"embeddable":true,"href":"https:\/\/mytataingleselaboratorio.com\/en\/wp-json\/wp\/v2\/comments?post=447"}],"version-history":[{"count":15,"href":"https:\/\/mytataingleselaboratorio.com\/en\/wp-json\/wp\/v2\/pages\/447\/revisions"}],"predecessor-version":[{"id":6573,"href":"https:\/\/mytataingleselaboratorio.com\/en\/wp-json\/wp\/v2\/pages\/447\/revisions\/6573"}],"up":[{"embeddable":true,"href":"https:\/\/mytataingleselaboratorio.com\/en\/wp-json\/wp\/v2\/pages\/123"}],"wp:featuredmedia":[{"embeddable":true,"href":"https:\/\/mytataingleselaboratorio.com\/en\/wp-json\/wp\/v2\/media\/577"}],"wp:attachment":[{"href":"https:\/\/mytataingleselaboratorio.com\/en\/wp-json\/wp\/v2\/media?parent=447"}],"curies":[{"name":"wp","href":"https:\/\/api.w.org\/{rel}","templated":true}]}}